{"id":5,"date":"2016-10-23T22:44:32","date_gmt":"2016-10-23T21:44:32","guid":{"rendered":"http:\/\/192.168.0.211\/wordpress\/?page_id=2"},"modified":"2021-04-13T17:20:48","modified_gmt":"2021-04-13T15:20:48","slug":"page-d-exemple-2","status":"publish","type":"page","link":"http:\/\/blog.hecht.ovh\/","title":{"rendered":"Bienvenue"},"content":{"rendered":"<p>Bonjour et bienvenue sur notre blog, cr\u00e9\u00e9 pour suivre ensemble les travaux que nous allons r\u00e9aliser dans notre nouvelle demeure.<\/p>\n<p>La maison fait environ 100 m\u00b2 au sol et environ la m\u00eame chose au futur \u00e9tage. Elle est sur un terrain de 1100 m\u00b2<\/p>\n<p>Nous avons sign\u00e9 l\u2019acte de vente officiel le 09 septembre 2016, \u00e0 CRECY SUR SERRE.<\/p>\n<p>Samedi matin, en compagnie de Seb (mon beau-fr\u00e8re) et Axel (mon fils), nous \u00e9tions d\u00e9j\u00e0 en train de casser des murs.<\/p>\n<p>J\u2019agr\u00e9menterais au fur et \u00e0 mesure\u00a0de photos sur l\u2019\u00e9tat d\u2019avancement des travaux, le tout en d\u00e9tail.<\/p>\n<p>Passez un bon moment.<\/p>\n<p>Passez au premier article : <a href=\"http:\/\/blog.hecht.ovh\/?p=10\">cliquez ici<\/a><\/p>\n","protected":false},"excerpt":{"rendered":"<p>Bonjour et bienvenue sur notre blog, cr\u00e9\u00e9 pour suivre ensemble les travaux que nous allons r\u00e9aliser dans notre nouvelle demeure. La maison fait environ 100 m\u00b2 au sol et environ la m\u00eame chose au&#46;&#46;&#46;<\/p>\n","protected":false},"author":2,"featured_media":0,"parent":0,"menu_order":0,"comment_status":"open","ping_status":"open","template":"","meta":{"footnotes":""},"class_list":["post-5","page","type-page","status-publish","hentry"],"_links":{"self":[{"href":"http:\/\/blog.hecht.ovh\/index.php?rest_route=\/wp\/v2\/pages\/5","targetHints":{"allow":["GET"]}}],"collection":[{"href":"http:\/\/blog.hecht.ovh\/index.php?rest_route=\/wp\/v2\/pages"}],"about":[{"href":"http:\/\/blog.hecht.ovh\/index.php?rest_route=\/wp\/v2\/types\/page"}],"author":[{"embeddable":true,"href":"http:\/\/blog.hecht.ovh\/index.php?rest_route=\/wp\/v2\/users\/2"}],"replies":[{"embeddable":true,"href":"http:\/\/blog.hecht.ovh\/index.php?rest_route=%2Fwp%2Fv2%2Fcomments&post=5"}],"version-history":[{"count":1,"href":"http:\/\/blog.hecht.ovh\/index.php?rest_route=\/wp\/v2\/pages\/5\/revisions"}],"predecessor-version":[{"id":1160,"href":"http:\/\/blog.hecht.ovh\/index.php?rest_route=\/wp\/v2\/pages\/5\/revisions\/1160"}],"wp:attachment":[{"href":"http:\/\/blog.hecht.ovh\/index.php?rest_route=%2Fwp%2Fv2%2Fmedia&parent=5"}],"curies":[{"name":"wp","href":"https:\/\/api.w.org\/{rel}","templated":true}]}}